{"id":9822,"date":"2020-01-14T13:58:37","date_gmt":"2020-01-14T13:58:37","guid":{"rendered":"https:\/\/www.nerdsofgambling.com\/?page_id=9822"},"modified":"2020-01-14T13:59:44","modified_gmt":"2020-01-14T13:59:44","slug":"kontakt","status":"publish","type":"page","link":"https:\/\/www.nerdsofgambling.com\/nb\/kontakt\/","title":{"rendered":"Kontakt"},"content":{"rendered":"<p>Har du sp\u00f8rsm\u00e5l eller \u00f8nsker \u00e5 komme i kontakt med oss?<\/p>\n<div class='fluentform ff-default fluentform_wrapper_7 ffs_default_wrap'><form data-form_id=\"7\" id=\"fluentform_7\" class=\"frm-fluent-form fluent_form_7 ff-el-form-top ff_form_instance_7_1 ff-form-loading ffs_default\" data-form_instance=\"ff_form_instance_7_1\" method=\"POST\" ><fieldset  style=\"border: none!important;margin: 0!important;padding: 0!important;background-color: transparent!important;box-shadow: none!important;outline: none!important; min-inline-size: 100%;\">\n                    <legend class=\"ff_screen_reader_title\" style=\"display: block; margin: 0!important;padding: 0!important;height: 0!important;text-indent: -999999px;width: 0!important;overflow:hidden;\">Contact Form - NB<\/legend><input type='hidden' name='__fluent_form_embded_post_id' value='9822' \/><input type=\"hidden\" id=\"_fluentform_7_fluentformnonce\" name=\"_fluentform_7_fluentformnonce\" value=\"9f02159141\" \/><input type=\"hidden\" name=\"_wp_http_referer\" value=\"\/nb\/wp-json\/wp\/v2\/pages\/9822\" \/><div data-type=\"name-element\" data-name=\"names\" class=\" ff-field_container ff-name-field-wrapper\" ><div class='ff-t-container'><div class='ff-t-cell '><div class='ff-el-group  ff-el-form-hide_label'><div class=\"ff-el-input--label asterisk-left\"><label for='ff_7_names_first_name_' >Namn<\/label><\/div><div class='ff-el-input--content'><input type=\"text\" name=\"names[first_name]\" id=\"ff_7_names_first_name_\" class=\"ff-el-form-control\" placeholder=\"Namn\" aria-invalid=\"false\" aria-required=false><\/div><\/div><\/div><\/div><\/div><div class='ff-el-group ff-el-form-hide_label'><div class=\"ff-el-input--label ff-el-is-required asterisk-left\"><label for='ff_7_email' aria-label=\"Email\">Email<\/label><\/div><div class='ff-el-input--content'><input type=\"email\" name=\"email\" id=\"ff_7_email\" class=\"ff-el-form-control\" placeholder=\"E-post\" data-name=\"email\"  aria-invalid=\"false\" aria-required=true><\/div><\/div><div class='ff-el-group ff-el-form-hide_label'><div class=\"ff-el-input--label asterisk-left\"><label for='ff_7_subject' aria-label=\"Subject\">Subject<\/label><\/div><div class='ff-el-input--content'><input type=\"text\" name=\"subject\" class=\"ff-el-form-control\" placeholder=\"\u00c4mne\" data-name=\"subject\" id=\"ff_7_subject\"  aria-invalid=\"false\" aria-required=false><\/div><\/div><div class='ff-el-group ff-el-form-hide_label'><div class=\"ff-el-input--label ff-el-is-required asterisk-left\"><label for='ff_7_message' aria-label=\"Your Message\">Your Message<\/label><\/div><div class='ff-el-input--content'><textarea aria-invalid=\"false\" aria-required=true name=\"message\" id=\"ff_7_message\" class=\"ff-el-form-control\" placeholder=\"Beskjed\" rows=\"4\" cols=\"2\" data-name=\"message\" ><\/textarea><\/div><\/div><div class='ff-el-group    ff-el-input--content'><div class='ff-el-form-check ff-el-tc'><label aria-label='Jeg samtykker til at dette nettstedet skal lagre min innsendte informasjon, slik at de kan svare p\u00e5 henvendelsen min' class='ff-el-form-check-label ff_tc_label' for=gdpr-agreement_85d09b2fa8fe65526992234687af5936><span class='ff_tc_checkbox'><input type=\"checkbox\" name=\"gdpr-agreement\" class=\"ff-el-form-check-input ff_gdpr_field\" data-name=\"gdpr-agreement\" id=\"gdpr-agreement_85d09b2fa8fe65526992234687af5936\"  value='on' aria-invalid='false' aria-required=true><\/span> <div class='ff_t_c'>Jeg samtykker til at dette nettstedet skal lagre min innsendte informasjon, slik at de kan svare p\u00e5 henvendelsen min<\/div><\/label><\/div><\/div><div class='ff-el-group ff-text-left ff_submit_btn_wrapper'><button type=\"submit\" class=\"ff-btn ff-btn-submit ff-btn-md ff_btn_style\" >Sende inn<\/button><\/div><\/fieldset><\/form><div id='fluentform_7_errors' class='ff-errors-in-stack ff_form_instance_7_1 ff-form-loading_errors ff_form_instance_7_1_errors'><\/div><\/div>        <script type=\"text\/javascript\">\n            window.fluent_form_ff_form_instance_7_1 = {\"id\":\"7\",\"settings\":{\"layout\":{\"labelPlacement\":\"top\",\"helpMessagePlacement\":\"with_label\",\"errorMessagePlacement\":\"inline\",\"asteriskPlacement\":\"asterisk-left\"},\"id\":\"39\",\"restrictions\":{\"denyEmptySubmission\":{\"enabled\":false}}},\"form_instance\":\"ff_form_instance_7_1\",\"form_id_selector\":\"fluentform_7\",\"rules\":{\"names[first_name]\":{\"required\":{\"value\":false,\"message\":\"This field is required\"}},\"names[middle_name]\":{\"required\":{\"value\":false,\"message\":\"This field is required\"}},\"names[last_name]\":{\"required\":{\"value\":false,\"message\":\"This field is required\"}},\"email\":{\"required\":{\"value\":true,\"message\":\"This field is required\"},\"email\":{\"value\":true,\"message\":\"This field must contain a valid email\"}},\"subject\":{\"required\":{\"value\":false,\"message\":\"This field is required\"}},\"message\":{\"required\":{\"value\":true,\"message\":\"This field is required\"}},\"gdpr-agreement\":{\"required\":{\"value\":true,\"message\":\"This field is required\"}}},\"debounce_time\":300};\n                    <\/script>\n        \n","protected":false},"excerpt":{"rendered":"<p>Har du sp\u00f8rsm\u00e5l eller \u00f8nsker \u00e5 komme i kontakt med oss?<\/p>\n","protected":false},"author":1,"featured_media":0,"parent":0,"menu_order":0,"comment_status":"closed","ping_status":"closed","template":"","meta":{"_acf_changed":false,"_cloudinary_featured_overwrite":false,"footnotes":""},"class_list":["post-9822","page","type-page","status-publish","hentry"],"acf":[],"yoast_head":"<!-- This site is optimized with the Yoast SEO plugin v26.9 - https:\/\/yoast.com\/product\/yoast-seo-wordpress\/ -->\n<title>Kontakt - Nerdsofgambling<\/title>\n<meta name=\"robots\" content=\"index, follow, max-snippet:-1, max-image-preview:large, max-video-preview:-1\" \/>\n<link rel=\"canonical\" href=\"https:\/\/www.nerdsofgambling.com\/nb\/kontakt\/\" \/>\n<meta property=\"og:locale\" content=\"nb_NO\" \/>\n<meta property=\"og:type\" content=\"article\" \/>\n<meta property=\"og:title\" content=\"Kontakt - Nerdsofgambling\" \/>\n<meta property=\"og:description\" content=\"Har du sp\u00f8rsm\u00e5l eller \u00f8nsker \u00e5 komme i kontakt med oss?\" \/>\n<meta property=\"og:url\" content=\"https:\/\/www.nerdsofgambling.com\/nb\/kontakt\/\" \/>\n<meta property=\"og:site_name\" content=\"Nerdsofgambling\" \/>\n<meta property=\"article:modified_time\" content=\"2020-01-14T13:59:44+00:00\" \/>\n<meta name=\"twitter:card\" content=\"summary_large_image\" \/>\n<script type=\"application\/ld+json\" class=\"yoast-schema-graph\">{\"@context\":\"https:\/\/schema.org\",\"@graph\":[{\"@type\":\"WebPage\",\"@id\":\"https:\/\/www.nerdsofgambling.com\/nb\/kontakt\/\",\"url\":\"https:\/\/www.nerdsofgambling.com\/nb\/kontakt\/\",\"name\":\"Kontakt - Nerdsofgambling\",\"isPartOf\":{\"@id\":\"https:\/\/www.nerdsofgambling.com\/fi\/#website\"},\"datePublished\":\"2020-01-14T13:58:37+00:00\",\"dateModified\":\"2020-01-14T13:59:44+00:00\",\"breadcrumb\":{\"@id\":\"https:\/\/www.nerdsofgambling.com\/nb\/kontakt\/#breadcrumb\"},\"inLanguage\":\"nb-NO\",\"potentialAction\":[{\"@type\":\"ReadAction\",\"target\":[\"https:\/\/www.nerdsofgambling.com\/nb\/kontakt\/\"]}]},{\"@type\":\"BreadcrumbList\",\"@id\":\"https:\/\/www.nerdsofgambling.com\/nb\/kontakt\/#breadcrumb\",\"itemListElement\":[{\"@type\":\"ListItem\",\"position\":1,\"name\":\"Home\",\"item\":\"https:\/\/www.nerdsofgambling.com\/nb\/\"},{\"@type\":\"ListItem\",\"position\":2,\"name\":\"Kontakt\"}]},{\"@type\":\"WebSite\",\"@id\":\"https:\/\/www.nerdsofgambling.com\/fi\/#website\",\"url\":\"https:\/\/www.nerdsofgambling.com\/fi\/\",\"name\":\"Nerdsofgambling\",\"description\":\"Nerdsofgambling\",\"potentialAction\":[{\"@type\":\"SearchAction\",\"target\":{\"@type\":\"EntryPoint\",\"urlTemplate\":\"https:\/\/www.nerdsofgambling.com\/fi\/?s={search_term_string}\"},\"query-input\":{\"@type\":\"PropertyValueSpecification\",\"valueRequired\":true,\"valueName\":\"search_term_string\"}}],\"inLanguage\":\"nb-NO\"}]}<\/script>\n<!-- \/ Yoast SEO plugin. -->","yoast_head_json":{"title":"Kontakt - Nerdsofgambling","robots":{"index":"index","follow":"follow","max-snippet":"max-snippet:-1","max-image-preview":"max-image-preview:large","max-video-preview":"max-video-preview:-1"},"canonical":"https:\/\/www.nerdsofgambling.com\/nb\/kontakt\/","og_locale":"nb_NO","og_type":"article","og_title":"Kontakt - Nerdsofgambling","og_description":"Har du sp\u00f8rsm\u00e5l eller \u00f8nsker \u00e5 komme i kontakt med oss?","og_url":"https:\/\/www.nerdsofgambling.com\/nb\/kontakt\/","og_site_name":"Nerdsofgambling","article_modified_time":"2020-01-14T13:59:44+00:00","twitter_card":"summary_large_image","schema":{"@context":"https:\/\/schema.org","@graph":[{"@type":"WebPage","@id":"https:\/\/www.nerdsofgambling.com\/nb\/kontakt\/","url":"https:\/\/www.nerdsofgambling.com\/nb\/kontakt\/","name":"Kontakt - Nerdsofgambling","isPartOf":{"@id":"https:\/\/www.nerdsofgambling.com\/fi\/#website"},"datePublished":"2020-01-14T13:58:37+00:00","dateModified":"2020-01-14T13:59:44+00:00","breadcrumb":{"@id":"https:\/\/www.nerdsofgambling.com\/nb\/kontakt\/#breadcrumb"},"inLanguage":"nb-NO","potentialAction":[{"@type":"ReadAction","target":["https:\/\/www.nerdsofgambling.com\/nb\/kontakt\/"]}]},{"@type":"BreadcrumbList","@id":"https:\/\/www.nerdsofgambling.com\/nb\/kontakt\/#breadcrumb","itemListElement":[{"@type":"ListItem","position":1,"name":"Home","item":"https:\/\/www.nerdsofgambling.com\/nb\/"},{"@type":"ListItem","position":2,"name":"Kontakt"}]},{"@type":"WebSite","@id":"https:\/\/www.nerdsofgambling.com\/fi\/#website","url":"https:\/\/www.nerdsofgambling.com\/fi\/","name":"Nerdsofgambling","description":"Nerdsofgambling","potentialAction":[{"@type":"SearchAction","target":{"@type":"EntryPoint","urlTemplate":"https:\/\/www.nerdsofgambling.com\/fi\/?s={search_term_string}"},"query-input":{"@type":"PropertyValueSpecification","valueRequired":true,"valueName":"search_term_string"}}],"inLanguage":"nb-NO"}]}},"_links":{"self":[{"href":"https:\/\/www.nerdsofgambling.com\/nb\/wp-json\/wp\/v2\/pages\/9822","targetHints":{"allow":["GET"]}}],"collection":[{"href":"https:\/\/www.nerdsofgambling.com\/nb\/wp-json\/wp\/v2\/pages"}],"about":[{"href":"https:\/\/www.nerdsofgambling.com\/nb\/wp-json\/wp\/v2\/types\/page"}],"author":[{"embeddable":true,"href":"https:\/\/www.nerdsofgambling.com\/nb\/wp-json\/wp\/v2\/users\/1"}],"replies":[{"embeddable":true,"href":"https:\/\/www.nerdsofgambling.com\/nb\/wp-json\/wp\/v2\/comments?post=9822"}],"version-history":[{"count":2,"href":"https:\/\/www.nerdsofgambling.com\/nb\/wp-json\/wp\/v2\/pages\/9822\/revisions"}],"predecessor-version":[{"id":9824,"href":"https:\/\/www.nerdsofgambling.com\/nb\/wp-json\/wp\/v2\/pages\/9822\/revisions\/9824"}],"wp:attachment":[{"href":"https:\/\/www.nerdsofgambling.com\/nb\/wp-json\/wp\/v2\/media?parent=9822"}],"curies":[{"name":"wp","href":"https:\/\/api.w.org\/{rel}","templated":true}]}}