{"id":3265,"date":"2017-04-12T13:15:05","date_gmt":"2017-04-12T13:15:05","guid":{"rendered":"https:\/\/www.nerdsofgambling.com\/?page_id=3265\/"},"modified":"2017-05-31T19:58:31","modified_gmt":"2017-05-31T19:58:31","slug":"kasino","status":"publish","type":"page","link":"https:\/\/www.nerdsofgambling.com\/nb\/kasino\/","title":{"rendered":"Kasino"},"content":{"rendered":"<p>&nbsp;<\/p>\n<p><a href=\"https:\/\/www.nerdsofgambling.com\/nb\/de-10-beste-spilleautomatene-a-bli-mangemillionaer\/\">De 10 BESTe spilleautomatene p\u00e5 nett som kan hjelpe deg med \u00e5 bli mangemillion\u00e6r<\/a><\/p>\n<p><a href=\"https:\/\/www.nerdsofgambling.com\/nb\/de-19-beste-onlinespilleautomater-basert-pa-tv-programmer\/\">De 19 Beste Onlinespilleautomater Basert p\u00e5 TV-Programmer<\/a><\/p>\n<p>&nbsp;<\/p>\n<p>&nbsp;<\/p>\n","protected":false},"excerpt":{"rendered":"<p>&nbsp; De 10 BESTe spilleautomatene p\u00e5 nett som kan hjelpe deg med \u00e5 bli mangemillion\u00e6r De 19 Beste Onlinespilleautomater Basert p\u00e5 TV-Programmer &nbsp; &nbsp;<\/p>\n","protected":false},"author":1,"featured_media":0,"parent":0,"menu_order":0,"comment_status":"closed","ping_status":"closed","template":"","meta":{"_acf_changed":false,"_cloudinary_featured_overwrite":false,"footnotes":""},"class_list":["post-3265","page","type-page","status-publish","hentry"],"acf":[],"yoast_head":"<!-- This site is optimized with the Yoast SEO plugin v26.9 - https:\/\/yoast.com\/product\/yoast-seo-wordpress\/ -->\n<title>Kasino - Nerdsofgambling<\/title>\n<meta name=\"robots\" content=\"index, follow, max-snippet:-1, max-image-preview:large, max-video-preview:-1\" \/>\n<link rel=\"canonical\" href=\"https:\/\/www.nerdsofgambling.com\/nb\/kasino\/\" \/>\n<meta property=\"og:locale\" content=\"nb_NO\" \/>\n<meta property=\"og:type\" content=\"article\" \/>\n<meta property=\"og:title\" content=\"Kasino - Nerdsofgambling\" \/>\n<meta property=\"og:description\" content=\"&nbsp; De 10 BESTe spilleautomatene p\u00e5 nett som kan hjelpe deg med \u00e5 bli mangemillion\u00e6r De 19 Beste Onlinespilleautomater Basert p\u00e5 TV-Programmer &nbsp; &nbsp;\" \/>\n<meta property=\"og:url\" content=\"https:\/\/www.nerdsofgambling.com\/nb\/kasino\/\" \/>\n<meta property=\"og:site_name\" content=\"Nerdsofgambling\" \/>\n<meta property=\"article:modified_time\" content=\"2017-05-31T19:58:31+00:00\" \/>\n<meta name=\"twitter:card\" content=\"summary_large_image\" \/>\n<script type=\"application\/ld+json\" class=\"yoast-schema-graph\">{\"@context\":\"https:\/\/schema.org\",\"@graph\":[{\"@type\":\"WebPage\",\"@id\":\"https:\/\/www.nerdsofgambling.com\/nb\/kasino\/\",\"url\":\"https:\/\/www.nerdsofgambling.com\/nb\/kasino\/\",\"name\":\"Kasino - Nerdsofgambling\",\"isPartOf\":{\"@id\":\"https:\/\/www.nerdsofgambling.com\/fi\/#website\"},\"datePublished\":\"2017-04-12T13:15:05+00:00\",\"dateModified\":\"2017-05-31T19:58:31+00:00\",\"breadcrumb\":{\"@id\":\"https:\/\/www.nerdsofgambling.com\/nb\/kasino\/#breadcrumb\"},\"inLanguage\":\"nb-NO\",\"potentialAction\":[{\"@type\":\"ReadAction\",\"target\":[\"https:\/\/www.nerdsofgambling.com\/nb\/kasino\/\"]}]},{\"@type\":\"BreadcrumbList\",\"@id\":\"https:\/\/www.nerdsofgambling.com\/nb\/kasino\/#breadcrumb\",\"itemListElement\":[{\"@type\":\"ListItem\",\"position\":1,\"name\":\"Home\",\"item\":\"https:\/\/www.nerdsofgambling.com\/nb\/\"},{\"@type\":\"ListItem\",\"position\":2,\"name\":\"Kasino\"}]},{\"@type\":\"WebSite\",\"@id\":\"https:\/\/www.nerdsofgambling.com\/fi\/#website\",\"url\":\"https:\/\/www.nerdsofgambling.com\/fi\/\",\"name\":\"Nerdsofgambling\",\"description\":\"Nerdsofgambling\",\"potentialAction\":[{\"@type\":\"SearchAction\",\"target\":{\"@type\":\"EntryPoint\",\"urlTemplate\":\"https:\/\/www.nerdsofgambling.com\/fi\/?s={search_term_string}\"},\"query-input\":{\"@type\":\"PropertyValueSpecification\",\"valueRequired\":true,\"valueName\":\"search_term_string\"}}],\"inLanguage\":\"nb-NO\"}]}<\/script>\n<!-- \/ Yoast SEO plugin. -->","yoast_head_json":{"title":"Kasino - Nerdsofgambling","robots":{"index":"index","follow":"follow","max-snippet":"max-snippet:-1","max-image-preview":"max-image-preview:large","max-video-preview":"max-video-preview:-1"},"canonical":"https:\/\/www.nerdsofgambling.com\/nb\/kasino\/","og_locale":"nb_NO","og_type":"article","og_title":"Kasino - Nerdsofgambling","og_description":"&nbsp; De 10 BESTe spilleautomatene p\u00e5 nett som kan hjelpe deg med \u00e5 bli mangemillion\u00e6r De 19 Beste Onlinespilleautomater Basert p\u00e5 TV-Programmer &nbsp; &nbsp;","og_url":"https:\/\/www.nerdsofgambling.com\/nb\/kasino\/","og_site_name":"Nerdsofgambling","article_modified_time":"2017-05-31T19:58:31+00:00","twitter_card":"summary_large_image","schema":{"@context":"https:\/\/schema.org","@graph":[{"@type":"WebPage","@id":"https:\/\/www.nerdsofgambling.com\/nb\/kasino\/","url":"https:\/\/www.nerdsofgambling.com\/nb\/kasino\/","name":"Kasino - Nerdsofgambling","isPartOf":{"@id":"https:\/\/www.nerdsofgambling.com\/fi\/#website"},"datePublished":"2017-04-12T13:15:05+00:00","dateModified":"2017-05-31T19:58:31+00:00","breadcrumb":{"@id":"https:\/\/www.nerdsofgambling.com\/nb\/kasino\/#breadcrumb"},"inLanguage":"nb-NO","potentialAction":[{"@type":"ReadAction","target":["https:\/\/www.nerdsofgambling.com\/nb\/kasino\/"]}]},{"@type":"BreadcrumbList","@id":"https:\/\/www.nerdsofgambling.com\/nb\/kasino\/#breadcrumb","itemListElement":[{"@type":"ListItem","position":1,"name":"Home","item":"https:\/\/www.nerdsofgambling.com\/nb\/"},{"@type":"ListItem","position":2,"name":"Kasino"}]},{"@type":"WebSite","@id":"https:\/\/www.nerdsofgambling.com\/fi\/#website","url":"https:\/\/www.nerdsofgambling.com\/fi\/","name":"Nerdsofgambling","description":"Nerdsofgambling","potentialAction":[{"@type":"SearchAction","target":{"@type":"EntryPoint","urlTemplate":"https:\/\/www.nerdsofgambling.com\/fi\/?s={search_term_string}"},"query-input":{"@type":"PropertyValueSpecification","valueRequired":true,"valueName":"search_term_string"}}],"inLanguage":"nb-NO"}]}},"_links":{"self":[{"href":"https:\/\/www.nerdsofgambling.com\/nb\/wp-json\/wp\/v2\/pages\/3265","targetHints":{"allow":["GET"]}}],"collection":[{"href":"https:\/\/www.nerdsofgambling.com\/nb\/wp-json\/wp\/v2\/pages"}],"about":[{"href":"https:\/\/www.nerdsofgambling.com\/nb\/wp-json\/wp\/v2\/types\/page"}],"author":[{"embeddable":true,"href":"https:\/\/www.nerdsofgambling.com\/nb\/wp-json\/wp\/v2\/users\/1"}],"replies":[{"embeddable":true,"href":"https:\/\/www.nerdsofgambling.com\/nb\/wp-json\/wp\/v2\/comments?post=3265"}],"version-history":[{"count":5,"href":"https:\/\/www.nerdsofgambling.com\/nb\/wp-json\/wp\/v2\/pages\/3265\/revisions"}],"predecessor-version":[{"id":9489,"href":"https:\/\/www.nerdsofgambling.com\/nb\/wp-json\/wp\/v2\/pages\/3265\/revisions\/9489"}],"wp:attachment":[{"href":"https:\/\/www.nerdsofgambling.com\/nb\/wp-json\/wp\/v2\/media?parent=3265"}],"curies":[{"name":"wp","href":"https:\/\/api.w.org\/{rel}","templated":true}]}}