{"id":10507,"date":"2020-04-05T21:16:20","date_gmt":"2020-04-05T21:16:20","guid":{"rendered":"https:\/\/www.nerdsofgambling.com\/?page_id=10507"},"modified":"2020-04-05T21:17:26","modified_gmt":"2020-04-05T21:17:26","slug":"personvern","status":"publish","type":"page","link":"https:\/\/www.nerdsofgambling.com\/nb\/personvern\/","title":{"rendered":"Personvern"},"content":{"rendered":"<p><b>Retningslinjer for personvern<\/b><\/p>\n<p><b>\u00a0<\/b><\/p>\n<p><span style=\"font-weight: 400;\">Her vil du finne v\u00e5re retningslinjer for h\u00e5ndtering av brukerdata.<\/span><\/p>\n<p><span style=\"font-weight: 400;\">N\u00e5r du bes\u00f8ker nettsiden v\u00e5r godkjenner du at vi h\u00e5ndterer din brukerdata i henhold til v\u00e5re retningslinjer for personvern.<\/span><\/p>\n<p><b>Informasjonskapsler<\/b><\/p>\n<p><span style=\"font-weight: 400;\">Nettsiden bruker informasjonskapsler. I henhold til loven om elektronisk kommunikasjon (SFS 2003: 389), skal alle som bes\u00f8ker en nettside med informasjonskapsler motta informasjon om f\u00f8lgende:<\/span><\/p>\n<ul>\n<li style=\"font-weight: 400;\"><span style=\"font-weight: 400;\">At nettsiden inneholder informasjonskapsler.<\/span><\/li>\n<li style=\"font-weight: 400;\"><span style=\"font-weight: 400;\">Hva disse informasjonskapslene brukes til.<\/span><\/li>\n<li style=\"font-weight: 400;\"><span style=\"font-weight: 400;\">Hvordan man kan unng\u00e5 informasjonskapsler.<\/span><\/li>\n<\/ul>\n<p><span style=\"font-weight: 400;\">\u00a0En informasjonskapsel er en liten tekstfil som nettsiden du bes\u00f8ker lagrer p\u00e5 datamaskinen din. Informasjonskapsler brukes av mange nettsider for \u00e5 gi de bes\u00f8kende tilgang p\u00e5 forskjellige funksjoner. Informasjonen i informasjonskapselen kan brukes til \u00e5 spore brukerens surfing. For \u00e5 unng\u00e5 informasjonskapsler kan du endre sikkerhetsinnstillingene p\u00e5 nettleseren din. Hvordan du gj\u00f8r dette vil avhenge av hvilken nettleser du har. P\u00e5 denne siden bruker vi informasjonskapsler for \u00e5 gi deg som bes\u00f8ker siden mulighet til \u00e5 velge spr\u00e5k.<\/span><\/p>\n<ul>\n<li style=\"font-weight: 400;\"><span style=\"font-weight: 400;\">Her er noen nyttige veiledninger:<\/span><\/li>\n<li style=\"font-weight: 400;\"><span style=\"font-weight: 400;\">Firefox: http:\/\/support.mozilla.org\/en-US\/kb\/Cookies<\/span><\/li>\n<li style=\"font-weight: 400;\"><span style=\"font-weight: 400;\">Chrome: https:\/\/support.google.com\/chrome\/bin\/answer.py?hl=en&amp;answer=95647&amp;p=cpn_cookies<\/span><\/li>\n<li style=\"font-weight: 400;\"><span style=\"font-weight: 400;\">Internet Explorer: http:\/\/support.microsoft.com\/kb\/278835<\/span><\/li>\n<li style=\"font-weight: 400;\"><span style=\"font-weight: 400;\">Safari 5 for Mac: https:\/\/support.apple.com\/e<\/span><\/li>\n<li style=\"font-weight: 400;\"><span style=\"font-weight: 400;\">Opera: http:\/\/help.opera.com\/Linux\/10.50\/en\/cookies.html<\/span><\/li>\n<\/ul>\n<p><b>Lenker til tredjeparter<\/b><\/p>\n<p><span style=\"font-weight: 400;\">V\u00e6r ogs\u00e5 oppmerksom p\u00e5 at annons\u00f8rer p\u00e5 denne siden kan bruke informasjonskapsler p\u00e5 sin egen side dersom du bes\u00f8ker den. Dette er ikke noe vi har kontroll over. Det samme gjelder for andre sider som vi lenker til eller kan lenke til i fremtiden.\u00a0<\/span><span style=\"font-weight: 400;\">\u00a0<\/span><\/p>\n<p><b>Hvilken informasjon samler vi inn om aktiviteten din?<\/b><\/p>\n<p><span style=\"font-weight: 400;\">Vi samler ikke inn personlig informasjon om deg n\u00e5r du bes\u00f8ker nettsiden. Vi bruker informasjonskapsler gjennom Google Analytics. Dette er anonym statistikk som kan hjelpe oss med \u00e5 forbedre produktet v\u00e5rt. Det hjelper oss med \u00e5 forst\u00e5 hvordan v\u00e5re bes\u00f8kende bruker nettsiden v\u00e5r, og om det er noen tekniske problemer. <\/span><a href=\"https:\/\/policies.google.com\/privacy\"><span style=\"font-weight: 400;\">Google Privacy Policy<\/span><\/a><\/p>\n<p><span style=\"font-weight: 400;\">Eksempler p\u00e5 data som samles inn:<\/span><\/p>\n<ul>\n<li style=\"font-weight: 400;\"><span style=\"font-weight: 400;\">Hvilken enhet du bruker.<\/span><\/li>\n<li style=\"font-weight: 400;\"><span style=\"font-weight: 400;\">Hvilke sider du bruker.<\/span><\/li>\n<li style=\"font-weight: 400;\"><span style=\"font-weight: 400;\">Hvilken dag du bes\u00f8ker oss.<\/span><\/li>\n<li style=\"font-weight: 400;\"><span style=\"font-weight: 400;\">Hvor lenge du bes\u00f8ker oss. <\/span><\/li>\n<\/ul>\n<p><span style=\"font-weight: 400;\">Her er en veiledning p\u00e5 hvordan man kan forhindre Google Analytics:<\/span><\/p>\n<p><span style=\"font-weight: 400;\">http:\/\/tools.google.com\/dlpage\/gaoptout<\/span><\/p>\n<p><b>Hvilken type personlig data samler vi inn?<\/b><\/p>\n<p><span style=\"font-weight: 400;\">N\u00e5r du registrerer deg via kontaktskjemaet slik at du kan motta nyhetsbrev eller e-poster fra oss, vil informasjonen din bli lagret p\u00e5 en ekstern tjeneste eller p\u00e5 nettsiden.<\/span><\/p>\n<p><b>Hvorfor samler vi inn disse opplysningene?<\/b><\/p>\n<p><span style=\"font-weight: 400;\">Slik at vi kan tilby deg den informasjonen du \u00f8nsker etter at du har registrert deg hos oss.<\/span><\/p>\n<p><b>Sosiale media<\/b><\/p>\n<p><span style=\"font-weight: 400;\">Vi er p\u00e5 Facebook. Vi lagrer ingen informasjon derfra. Du kan n\u00e5r som helst slutte \u00e5 f\u00f8lge oss der. Her kan du lese mer om<\/span><a href=\"https:\/\/www.facebook.com\/help\/190078864497547\"><span style=\"font-weight: 400;\"> hvordan du slutter \u00e5 f\u00f8lge en profil p\u00e5 Facebook<\/span><\/a><span style=\"font-weight: 400;\">. Her kan du lese om hvordan<\/span><a href=\"https:\/\/www.facebook.com\/about\/basics\/privacy-principles\"><span style=\"font-weight: 400;\"> du stiller inn hva du vil dele<\/span><\/a><span style=\"font-weight: 400;\"> p\u00e5 Facebook samt om deres prinsipper for personvern.<\/span><\/p>\n<p><b>Kommunikasjon med oss<\/b><\/p>\n<p><span style=\"font-weight: 400;\">Dersom du kontakter oss, samler vi inn den informasjonen du gir oss. Dette er fordi vi skal kunne hjelpe deg med det du lurer p\u00e5. Vi kan bruke informasjon fra tidligere kontakt med oss, slik at du f\u00e5r bedre hjelp.<\/span><\/p>\n<p><b>Nyhetsbrev<\/b><\/p>\n<p><span style=\"font-weight: 400;\">Dersom du melder deg p\u00e5 v\u00e5rt nyhetsbrev, godkjenner du at vi sender deg nyheter, tips og mer. Du kan n\u00e5r som helst melde deg av nyhetsbrevet v\u00e5rt ved \u00e5 klikke p\u00e5 lenken i en av e-postene.<\/span><\/p>\n<p><span style=\"font-weight: 400;\">Vi bruker Aweber for nyhetsbrevet v\u00e5rt, og de kan samle inn de opplysningene du oppgir n\u00e5r du registrerer deg for \u00e5 motta nyhetsbrevet.<\/span><a href=\"https:\/\/www.aweber.com\/privacy.htm\"> <span style=\"font-weight: 400;\">Aweber Privacy Policy<\/span><\/a><\/p>\n<p><span style=\"font-weight: 400;\">Dersom du vil melde deg av nyhetsbrevet v\u00e5rt, m\u00e5 du gj\u00f8re f\u00f8lgende:<\/span><\/p>\n<p><span style=\"font-weight: 400;\">\u00a0<\/span><\/p>\n<p><b>1) Slik melder du deg av nyhetsbrevet v\u00e5rt:<\/b><\/p>\n<p><span style=\"font-weight: 400;\">Alle e-poster vi sender inneholder to lenker p\u00e5 bunnen, nemlig Avmelding og endre preferanser.<\/span><\/p>\n<p><span style=\"font-weight: 400;\">Bare klikk p\u00e5 en av disse, dersom du \u00f8nsker \u00e5 fjerne deg helt fra listen v\u00e5r eller for \u00e5 endre dine opplysninger.<\/span><span style=\"font-weight: 400;\">\u00a0<\/span><\/p>\n<p><b>2) Be om en kopi av opplysningene dine<\/b><\/p>\n<p><span style=\"font-weight: 400;\">Dersom du \u00f8nsker en kopi av de opplysningene vi har om deg for \u00f8yeblikket, kan du ganske enkelt sende oss en e-post.<\/span><\/p>\n<p><b>3) For \u00e5 helt slette opplysningene om deg<\/b><\/p>\n<p><span style=\"font-weight: 400;\">Dersom du \u00f8nsker at opplysningene vi har om deg skal slettes, kan du sende oss en e-post.<\/span><\/p>\n<p><span style=\"font-weight: 400;\">Vi retter ikke nettsiden v\u00e5r mot noen under 18 \u00e5r.<\/span><\/p>\n<p><span style=\"font-weight: 400;\">\u00a0<\/span><\/p>\n<p><span style=\"font-weight: 400;\">\u00a0<\/span><\/p>\n<p><span style=\"font-weight: 400;\">\u00a0<\/span><\/p>\n<p>&nbsp;<\/p>\n","protected":false},"excerpt":{"rendered":"<p>Retningslinjer for personvern \u00a0 Her vil du finne v\u00e5re retningslinjer for h\u00e5ndtering av brukerdata. N\u00e5r du bes\u00f8ker nettsiden v\u00e5r godkjenner du at vi h\u00e5ndterer din brukerdata i henhold til v\u00e5re retningslinjer for personvern. Informasjonskapsler Nettsiden bruker informasjonskapsler. I henhold til loven om elektronisk kommunikasjon (SFS 2003: 389), skal alle som bes\u00f8ker en nettside med informasjonskapsler [&hellip;]<\/p>\n","protected":false},"author":1,"featured_media":0,"parent":0,"menu_order":0,"comment_status":"closed","ping_status":"closed","template":"","meta":{"_acf_changed":false,"_cloudinary_featured_overwrite":false,"footnotes":""},"class_list":["post-10507","page","type-page","status-publish","hentry"],"acf":[],"yoast_head":"<!-- This site is optimized with the Yoast SEO plugin v26.9 - https:\/\/yoast.com\/product\/yoast-seo-wordpress\/ -->\n<title>Retningslinjer for personvern - Nerdsofgambling<\/title>\n<meta name=\"robots\" content=\"index, follow, max-snippet:-1, max-image-preview:large, max-video-preview:-1\" \/>\n<link rel=\"canonical\" href=\"https:\/\/www.nerdsofgambling.com\/nb\/personvern\/\" \/>\n<meta property=\"og:locale\" content=\"nb_NO\" \/>\n<meta property=\"og:type\" content=\"article\" \/>\n<meta property=\"og:title\" content=\"Retningslinjer for personvern - Nerdsofgambling\" \/>\n<meta property=\"og:description\" content=\"Retningslinjer for personvern \u00a0 Her vil du finne v\u00e5re retningslinjer for h\u00e5ndtering av brukerdata. N\u00e5r du bes\u00f8ker nettsiden v\u00e5r godkjenner du at vi h\u00e5ndterer din brukerdata i henhold til v\u00e5re retningslinjer for personvern. Informasjonskapsler Nettsiden bruker informasjonskapsler. I henhold til loven om elektronisk kommunikasjon (SFS 2003: 389), skal alle som bes\u00f8ker en nettside med informasjonskapsler [&hellip;]\" \/>\n<meta property=\"og:url\" content=\"https:\/\/www.nerdsofgambling.com\/nb\/personvern\/\" \/>\n<meta property=\"og:site_name\" content=\"Nerdsofgambling\" \/>\n<meta property=\"article:modified_time\" content=\"2020-04-05T21:17:26+00:00\" \/>\n<meta name=\"twitter:card\" content=\"summary_large_image\" \/>\n<meta name=\"twitter:label1\" content=\"Ansl. lesetid\" \/>\n\t<meta name=\"twitter:data1\" content=\"4 minutter\" \/>\n<script type=\"application\/ld+json\" class=\"yoast-schema-graph\">{\"@context\":\"https:\/\/schema.org\",\"@graph\":[{\"@type\":\"WebPage\",\"@id\":\"https:\/\/www.nerdsofgambling.com\/nb\/personvern\/\",\"url\":\"https:\/\/www.nerdsofgambling.com\/nb\/personvern\/\",\"name\":\"Retningslinjer for personvern - Nerdsofgambling\",\"isPartOf\":{\"@id\":\"https:\/\/www.nerdsofgambling.com\/fi\/#website\"},\"datePublished\":\"2020-04-05T21:16:20+00:00\",\"dateModified\":\"2020-04-05T21:17:26+00:00\",\"breadcrumb\":{\"@id\":\"https:\/\/www.nerdsofgambling.com\/nb\/personvern\/#breadcrumb\"},\"inLanguage\":\"nb-NO\",\"potentialAction\":[{\"@type\":\"ReadAction\",\"target\":[\"https:\/\/www.nerdsofgambling.com\/nb\/personvern\/\"]}]},{\"@type\":\"BreadcrumbList\",\"@id\":\"https:\/\/www.nerdsofgambling.com\/nb\/personvern\/#breadcrumb\",\"itemListElement\":[{\"@type\":\"ListItem\",\"position\":1,\"name\":\"Home\",\"item\":\"https:\/\/www.nerdsofgambling.com\/nb\/\"},{\"@type\":\"ListItem\",\"position\":2,\"name\":\"Personvern\"}]},{\"@type\":\"WebSite\",\"@id\":\"https:\/\/www.nerdsofgambling.com\/fi\/#website\",\"url\":\"https:\/\/www.nerdsofgambling.com\/fi\/\",\"name\":\"Nerdsofgambling\",\"description\":\"Nerdsofgambling\",\"potentialAction\":[{\"@type\":\"SearchAction\",\"target\":{\"@type\":\"EntryPoint\",\"urlTemplate\":\"https:\/\/www.nerdsofgambling.com\/fi\/?s={search_term_string}\"},\"query-input\":{\"@type\":\"PropertyValueSpecification\",\"valueRequired\":true,\"valueName\":\"search_term_string\"}}],\"inLanguage\":\"nb-NO\"}]}<\/script>\n<!-- \/ Yoast SEO plugin. -->","yoast_head_json":{"title":"Retningslinjer for personvern - Nerdsofgambling","robots":{"index":"index","follow":"follow","max-snippet":"max-snippet:-1","max-image-preview":"max-image-preview:large","max-video-preview":"max-video-preview:-1"},"canonical":"https:\/\/www.nerdsofgambling.com\/nb\/personvern\/","og_locale":"nb_NO","og_type":"article","og_title":"Retningslinjer for personvern - Nerdsofgambling","og_description":"Retningslinjer for personvern \u00a0 Her vil du finne v\u00e5re retningslinjer for h\u00e5ndtering av brukerdata. N\u00e5r du bes\u00f8ker nettsiden v\u00e5r godkjenner du at vi h\u00e5ndterer din brukerdata i henhold til v\u00e5re retningslinjer for personvern. Informasjonskapsler Nettsiden bruker informasjonskapsler. I henhold til loven om elektronisk kommunikasjon (SFS 2003: 389), skal alle som bes\u00f8ker en nettside med informasjonskapsler [&hellip;]","og_url":"https:\/\/www.nerdsofgambling.com\/nb\/personvern\/","og_site_name":"Nerdsofgambling","article_modified_time":"2020-04-05T21:17:26+00:00","twitter_card":"summary_large_image","twitter_misc":{"Ansl. lesetid":"4 minutter"},"schema":{"@context":"https:\/\/schema.org","@graph":[{"@type":"WebPage","@id":"https:\/\/www.nerdsofgambling.com\/nb\/personvern\/","url":"https:\/\/www.nerdsofgambling.com\/nb\/personvern\/","name":"Retningslinjer for personvern - Nerdsofgambling","isPartOf":{"@id":"https:\/\/www.nerdsofgambling.com\/fi\/#website"},"datePublished":"2020-04-05T21:16:20+00:00","dateModified":"2020-04-05T21:17:26+00:00","breadcrumb":{"@id":"https:\/\/www.nerdsofgambling.com\/nb\/personvern\/#breadcrumb"},"inLanguage":"nb-NO","potentialAction":[{"@type":"ReadAction","target":["https:\/\/www.nerdsofgambling.com\/nb\/personvern\/"]}]},{"@type":"BreadcrumbList","@id":"https:\/\/www.nerdsofgambling.com\/nb\/personvern\/#breadcrumb","itemListElement":[{"@type":"ListItem","position":1,"name":"Home","item":"https:\/\/www.nerdsofgambling.com\/nb\/"},{"@type":"ListItem","position":2,"name":"Personvern"}]},{"@type":"WebSite","@id":"https:\/\/www.nerdsofgambling.com\/fi\/#website","url":"https:\/\/www.nerdsofgambling.com\/fi\/","name":"Nerdsofgambling","description":"Nerdsofgambling","potentialAction":[{"@type":"SearchAction","target":{"@type":"EntryPoint","urlTemplate":"https:\/\/www.nerdsofgambling.com\/fi\/?s={search_term_string}"},"query-input":{"@type":"PropertyValueSpecification","valueRequired":true,"valueName":"search_term_string"}}],"inLanguage":"nb-NO"}]}},"_links":{"self":[{"href":"https:\/\/www.nerdsofgambling.com\/nb\/wp-json\/wp\/v2\/pages\/10507","targetHints":{"allow":["GET"]}}],"collection":[{"href":"https:\/\/www.nerdsofgambling.com\/nb\/wp-json\/wp\/v2\/pages"}],"about":[{"href":"https:\/\/www.nerdsofgambling.com\/nb\/wp-json\/wp\/v2\/types\/page"}],"author":[{"embeddable":true,"href":"https:\/\/www.nerdsofgambling.com\/nb\/wp-json\/wp\/v2\/users\/1"}],"replies":[{"embeddable":true,"href":"https:\/\/www.nerdsofgambling.com\/nb\/wp-json\/wp\/v2\/comments?post=10507"}],"version-history":[{"count":1,"href":"https:\/\/www.nerdsofgambling.com\/nb\/wp-json\/wp\/v2\/pages\/10507\/revisions"}],"predecessor-version":[{"id":10508,"href":"https:\/\/www.nerdsofgambling.com\/nb\/wp-json\/wp\/v2\/pages\/10507\/revisions\/10508"}],"wp:attachment":[{"href":"https:\/\/www.nerdsofgambling.com\/nb\/wp-json\/wp\/v2\/media?parent=10507"}],"curies":[{"name":"wp","href":"https:\/\/api.w.org\/{rel}","templated":true}]}}