{"id":10509,"date":"2020-04-05T21:24:55","date_gmt":"2020-04-05T21:24:55","guid":{"rendered":"https:\/\/www.nerdsofgambling.com\/?page_id=10509"},"modified":"2020-04-05T21:24:55","modified_gmt":"2020-04-05T21:24:55","slug":"tietosuojakaytanto","status":"publish","type":"page","link":"https:\/\/www.nerdsofgambling.com\/fi\/tietosuojakaytanto\/","title":{"rendered":"Tietosuojak\u00e4yt\u00e4nt\u00f6"},"content":{"rendered":"<h1><b>Tietosuojak\u00e4yt\u00e4nt\u00f6<\/b><\/h1>\n<p><span style=\"font-weight: 400;\">T\u00e4ss\u00e4 tietosuojak\u00e4yt\u00e4nn\u00f6ss\u00e4 kerromme, miten k\u00e4sittelemme k\u00e4ytt\u00e4jien tietoja.\u00a0<\/span><\/p>\n<p><span style=\"font-weight: 400;\">Vieraillessamme verkkosivustollamme hyv\u00e4ksyt, ett\u00e4 k\u00e4sittelemme tietojasi t\u00e4m\u00e4n tietosuojak\u00e4yt\u00e4nn\u00f6n mukaisesti.<\/span><b>\u00a0<\/b><\/p>\n<p><b>Ev\u00e4steet<\/b><\/p>\n<p><span style=\"font-weight: 400;\">T\u00e4m\u00e4 verkkosivusto k\u00e4ytt\u00e4\u00e4 ev\u00e4steit\u00e4. S\u00e4hk\u00f6isen viestinn\u00e4n lain (SFS 2003: 389) mukaan jokaisen ev\u00e4steit\u00e4 k\u00e4ytt\u00e4v\u00e4ll\u00e4 verkkosivustolla vierailevan k\u00e4ytt\u00e4j\u00e4n tulisi saada tiet\u00e4\u00e4:<\/span><\/p>\n<ul>\n<li style=\"font-weight: 400;\"><span style=\"font-weight: 400;\">Ett\u00e4 verkkosivusto k\u00e4ytt\u00e4\u00e4 ev\u00e4steit\u00e4<\/span><\/li>\n<li style=\"font-weight: 400;\"><span style=\"font-weight: 400;\">Mihin n\u00e4it\u00e4 ev\u00e4steit\u00e4 k\u00e4ytet\u00e4\u00e4n<\/span><\/li>\n<li style=\"font-weight: 400;\"><span style=\"font-weight: 400;\">Miten kielt\u00e4yty\u00e4 ev\u00e4steist\u00e4<\/span><\/li>\n<\/ul>\n<p><span style=\"font-weight: 400;\">Ev\u00e4ste on pieni tekstitiedosto, jonka vierailemasi verkkosivusto tallentaa tietokoneellesi. Ev\u00e4steit\u00e4 k\u00e4ytet\u00e4\u00e4n monilla verkkosivustoilla erilaisten ominaisuuksien tarjoamiseen sivuston vierailijoille. Ev\u00e4steen tietoja voidaan k\u00e4ytt\u00e4\u00e4 k\u00e4ytt\u00e4j\u00e4n selailuk\u00e4ytt\u00e4ytymisen seuraamiseksi. V\u00e4ltty\u00e4ksesi ev\u00e4steiden k\u00e4yt\u00f6lt\u00e4 voit muuttaa selaimesi suojausasetuksia. Asetusten muokkaaminen onnistuu eri tavoin eri selaimilla. T\u00e4ll\u00e4 sivustolla k\u00e4yt\u00e4mme ev\u00e4steit\u00e4, jotta voit valita, mill\u00e4 kielell\u00e4 haluat k\u00e4ytt\u00e4\u00e4 sivustoa.<\/span><\/p>\n<p><span style=\"font-weight: 400;\">\u00a0<\/span><\/p>\n<ul>\n<li style=\"font-weight: 400;\"><span style=\"font-weight: 400;\">T\u00e4ss\u00e4 on muutamia hy\u00f6dyllisi\u00e4 ohjeita:<\/span><\/li>\n<li style=\"font-weight: 400;\"><span style=\"font-weight: 400;\">Firefox: http:\/\/support.mozilla.org\/en-US\/kb\/Cookies<\/span><\/li>\n<li style=\"font-weight: 400;\"><span style=\"font-weight: 400;\">Chrome: https:\/\/support.google.com\/chrome\/bin\/answer.py?hl=en&amp;answer=95647&amp;p=cpn_cookies<\/span><\/li>\n<li style=\"font-weight: 400;\"><span style=\"font-weight: 400;\">Internet Explorer: http:\/\/support.microsoft.com\/kb\/278835<\/span><\/li>\n<li style=\"font-weight: 400;\"><span style=\"font-weight: 400;\">Safari 5 for Mac: https:\/\/support.apple.com\/e<\/span><\/li>\n<li style=\"font-weight: 400;\"><span style=\"font-weight: 400;\">Opera: http:\/\/help.opera.com\/Linux\/10.50\/en\/cookies.html<\/span><\/li>\n<\/ul>\n<p><span style=\"font-weight: 400;\">\u00a0<\/span><\/p>\n<p><b>Kolmansien osapuolien linkit<\/b><\/p>\n<p><span style=\"font-weight: 400;\">Huomioi my\u00f6s, sivustollamme mainostavat verkkosivut voivat k\u00e4ytt\u00e4\u00e4 omilla sivuillaan ev\u00e4steit\u00e4, emmek\u00e4 me voi sille mit\u00e4\u00e4n. Sama koskee my\u00f6s kaikkia muita linkitt\u00e4mi\u00e4mme tai mahdollisesti tulevaisuudessa linkitt\u00e4mi\u00e4mme sivustoja.<\/span><\/p>\n<p><span style=\"font-weight: 400;\">\u00a0<\/span><\/p>\n<p><b>Mit\u00e4 tietoja ker\u00e4\u00e4mme toiminnastasi?<\/b><\/p>\n<p><span style=\"font-weight: 400;\">Emme ker\u00e4\u00e4 sinusta mit\u00e4\u00e4n henkil\u00f6tietoja, kun vierailet verkkosivustolla. K\u00e4yt\u00e4mme ev\u00e4steit\u00e4 Google Analytics -ty\u00f6kalun kautta. N\u00e4m\u00e4 anonyymit tilastotiedot auttavat meit\u00e4 parantamaan tuotettamme. Se auttaa meit\u00e4 ymm\u00e4rt\u00e4m\u00e4\u00e4n, kuinka vierailijat k\u00e4ytt\u00e4v\u00e4t verkkosivustoamme sek\u00e4 mahdollisia teknisi\u00e4 ongelmia. <\/span><a href=\"https:\/\/policies.google.com\/privacy\"><span style=\"font-weight: 400;\">Google Privacy Policy<\/span><\/a><\/p>\n<p><span style=\"font-weight: 400;\">\u00a0<\/span><\/p>\n<p><span style=\"font-weight: 400;\">Esimerkkej\u00e4 ker\u00e4\u00e4mist\u00e4mme tiedoista:<\/span><\/p>\n<ul>\n<li style=\"font-weight: 400;\"><span style=\"font-weight: 400;\">K\u00e4ytt\u00e4m\u00e4si laite<\/span><\/li>\n<li style=\"font-weight: 400;\"><span style=\"font-weight: 400;\">Mill\u00e4 sivuilla vierailit<\/span><\/li>\n<li style=\"font-weight: 400;\"><span style=\"font-weight: 400;\">Min\u00e4 p\u00e4iv\u00e4n\u00e4 vierailit sivustollamme<\/span><\/li>\n<li style=\"font-weight: 400;\"><span style=\"font-weight: 400;\">Kuinka pitk\u00e4\u00e4n k\u00e4ytit sivustoamme<\/span><\/li>\n<\/ul>\n<p><span style=\"font-weight: 400;\">\u00a0<\/span><\/p>\n<p><span style=\"font-weight: 400;\">T\u00e4m\u00e4n liit\u00e4nn\u00e4isen avulla voit kielt\u00e4yty\u00e4 Google Analytics -ty\u00f6kalun k\u00e4yt\u00f6st\u00e4.<\/span><\/p>\n<p><span style=\"font-weight: 400;\">http:\/\/tools.google.com\/dlpage\/gaoptout<\/span><\/p>\n<p><span style=\"font-weight: 400;\">\u00a0<\/span><\/p>\n<p><b>Mit\u00e4 henkil\u00f6tietoja ker\u00e4\u00e4mme k\u00e4ytt\u00e4jist\u00e4?<\/b><\/p>\n<p><span style=\"font-weight: 400;\">Kun tilaat uutiskirjeemme tai otat meihin yhteytt\u00e4 s\u00e4hk\u00f6postilla yhteyslomakkeen kautta, tietosi tallennetaan ulkoiseen palveluun tai verkkosivustolle.<\/span><\/p>\n<p><span style=\"font-weight: 400;\">\u00a0<\/span><\/p>\n<p><b>Miksi ker\u00e4\u00e4mme n\u00e4it\u00e4 tietoja?<\/b><\/p>\n<p><span style=\"font-weight: 400;\">Voidaksemme tarjota sinulle sinua kiinnostavaa tietoa rekister\u00f6idytty\u00e4si.<\/span><\/p>\n<p><span style=\"font-weight: 400;\">\u00a0<\/span><\/p>\n<p><b>Sosiaalinen media<\/b><\/p>\n<p><span style=\"font-weight: 400;\">Olemme Facebookissa. Emme tallenna tai k\u00e4yt\u00e4 mit\u00e4\u00e4n tietoja Facebookista. Voit aina halutessasi lakata seuraamasta meit\u00e4 siell\u00e4. T\u00e4\u00e4lt\u00e4 l\u00f6yd\u00e4t lis\u00e4\u00e4 tietoa siit\u00e4, miten <\/span><a href=\"https:\/\/www.facebook.com\/help\/190078864497547\"><span style=\"font-weight: 400;\">voit lakata seuraamasta profiilia Facebookissa<\/span><\/a><span style=\"font-weight: 400;\">. T\u00e4\u00e4lt\u00e4 l\u00f6yd\u00e4t tietoa Facebookin yksityisyysk\u00e4yt\u00e4nn\u00f6ist\u00e4, sek\u00e4 miten voit<\/span><a href=\"https:\/\/www.facebook.com\/about\/basics\/privacy-principles\"> <span style=\"font-weight: 400;\">m\u00e4\u00e4ritt\u00e4\u00e4 mit\u00e4 haluat jakaa<\/span><\/a><span style=\"font-weight: 400;\"> Facebookissa.<\/span><\/p>\n<p><b>Viestint\u00e4 kanssamme<\/b><\/p>\n<p><span style=\"font-weight: 400;\">Jos otat meihin yhteytt\u00e4, ker\u00e4\u00e4mme sinusta meille antamasi tiedot, jotta voimme tarjota apua tilanteeseesi. Voimme k\u00e4ytt\u00e4\u00e4 aiempien yhteydenottojen tietoja paremman avun tarjoamiseksi.<\/span><\/p>\n<p><b>Uutiskirje<\/b><\/p>\n<p><span style=\"font-weight: 400;\">Jos tilaat uutiskirjeemme, hyv\u00e4ksyt ett\u00e4 l\u00e4het\u00e4mme sinulle uutisia, vinkkej\u00e4 ja muuta. Voit lopettaa uutiskirjeemme tilauksen milloin tahansa klikkaamalla s\u00e4hk\u00f6postiviesteist\u00e4 l\u00f6ytyv\u00e4\u00e4 linkki\u00e4.<\/span><\/p>\n<p><span style=\"font-weight: 400;\">K\u00e4yt\u00e4mme Aweberia uutiskirjeit\u00e4mme varten, ja se voi ker\u00e4t\u00e4 sinusta rekister\u00f6itymisen yhteydess\u00e4 annettuja tietoja.<\/span><a href=\"https:\/\/www.aweber.com\/privacy.htm\"> <span style=\"font-weight: 400;\">Aweberin <\/span><\/a><span style=\"font-weight: 400;\">tietosuojak\u00e4yt\u00e4nt\u00f6<\/span><\/p>\n<p><span style=\"font-weight: 400;\">Jos haluat peruuttaa uutiskirjeemme tilauksen, se onnistuu n\u00e4in:<\/span><\/p>\n<p><span style=\"font-weight: 400;\">\u00a0<\/span><\/p>\n<p><b>1) N\u00e4in peruutat uutiskirjeemme tilauksen.<\/b><\/p>\n<p><span style=\"font-weight: 400;\">Jokaisesta l\u00e4hett\u00e4m\u00e4st\u00e4mme s\u00e4hk\u00f6postiviestin alaosasta l\u00f6ytyy kaksi linkki\u00e4: Peruuta tilaus ja Muuta asetuksia.<\/span><\/p>\n<p><span style=\"font-weight: 400;\">Klikkaa t\u00e4t\u00e4 linkki\u00e4 poistaaksesi itsesi listaltamme tai muokataksesi tietojasi.<\/span><span style=\"font-weight: 400;\">\u00a0<\/span><\/p>\n<p><b>2) Pyyd\u00e4 meilt\u00e4 kopio tiedoistasi<\/b><\/p>\n<p><span style=\"font-weight: 400;\">Voit pyyt\u00e4\u00e4 kopion meill\u00e4 sinusta olevista tiedoista yksinkertaisesti l\u00e4hett\u00e4m\u00e4ll\u00e4 s\u00e4hk\u00f6postia.<\/span><span style=\"font-weight: 400;\">\u00a0<\/span><\/p>\n<p><b>3) Poistaaksesi tietosi kokonaan<\/b><\/p>\n<p><span style=\"font-weight: 400;\">Poistaaksesi kokonaan kaikki meill\u00e4 sinusta olevat tiedot, ota meihin yhteytt\u00e4 s\u00e4hk\u00f6postilla.\u00a0<\/span><\/p>\n<p><span style=\"font-weight: 400;\">Verkkosivustoamme ei ole tarkoitettu alle 18-vuotiaille.<\/span><\/p>\n<p><span style=\"font-weight: 400;\">\u00a0<\/span><\/p>\n<p><span style=\"font-weight: 400;\">\u00a0<\/span><\/p>\n<p>&nbsp;<\/p>\n","protected":false},"excerpt":{"rendered":"<p>Tietosuojak\u00e4yt\u00e4nt\u00f6 T\u00e4ss\u00e4 tietosuojak\u00e4yt\u00e4nn\u00f6ss\u00e4 kerromme, miten k\u00e4sittelemme k\u00e4ytt\u00e4jien tietoja.\u00a0 Vieraillessamme verkkosivustollamme hyv\u00e4ksyt, ett\u00e4 k\u00e4sittelemme tietojasi t\u00e4m\u00e4n tietosuojak\u00e4yt\u00e4nn\u00f6n mukaisesti.\u00a0 Ev\u00e4steet T\u00e4m\u00e4 verkkosivusto k\u00e4ytt\u00e4\u00e4 ev\u00e4steit\u00e4. S\u00e4hk\u00f6isen viestinn\u00e4n lain (SFS 2003: 389) mukaan jokaisen ev\u00e4steit\u00e4 k\u00e4ytt\u00e4v\u00e4ll\u00e4 verkkosivustolla vierailevan k\u00e4ytt\u00e4j\u00e4n tulisi saada tiet\u00e4\u00e4: Ett\u00e4 verkkosivusto k\u00e4ytt\u00e4\u00e4 ev\u00e4steit\u00e4 Mihin n\u00e4it\u00e4 ev\u00e4steit\u00e4 k\u00e4ytet\u00e4\u00e4n Miten kielt\u00e4yty\u00e4 ev\u00e4steist\u00e4 Ev\u00e4ste on pieni tekstitiedosto, jonka vierailemasi [&hellip;]<\/p>\n","protected":false},"author":1,"featured_media":0,"parent":0,"menu_order":0,"comment_status":"closed","ping_status":"closed","template":"","meta":{"_acf_changed":false,"_cloudinary_featured_overwrite":false,"footnotes":""},"class_list":["post-10509","page","type-page","status-publish","hentry"],"acf":[],"yoast_head":"<!-- This site is optimized with the Yoast SEO plugin v26.9 - https:\/\/yoast.com\/product\/yoast-seo-wordpress\/ -->\n<title>Tietosuojak\u00e4yt\u00e4nt\u00f6 - Nerdsofgambling<\/title>\n<meta name=\"robots\" content=\"index, follow, max-snippet:-1, max-image-preview:large, max-video-preview:-1\" \/>\n<link rel=\"canonical\" href=\"https:\/\/www.nerdsofgambling.com\/fi\/tietosuojakaytanto\/\" \/>\n<meta property=\"og:locale\" content=\"fi_FI\" \/>\n<meta property=\"og:type\" content=\"article\" \/>\n<meta property=\"og:title\" content=\"Tietosuojak\u00e4yt\u00e4nt\u00f6 - Nerdsofgambling\" \/>\n<meta property=\"og:description\" content=\"Tietosuojak\u00e4yt\u00e4nt\u00f6 T\u00e4ss\u00e4 tietosuojak\u00e4yt\u00e4nn\u00f6ss\u00e4 kerromme, miten k\u00e4sittelemme k\u00e4ytt\u00e4jien tietoja.\u00a0 Vieraillessamme verkkosivustollamme hyv\u00e4ksyt, ett\u00e4 k\u00e4sittelemme tietojasi t\u00e4m\u00e4n tietosuojak\u00e4yt\u00e4nn\u00f6n mukaisesti.\u00a0 Ev\u00e4steet T\u00e4m\u00e4 verkkosivusto k\u00e4ytt\u00e4\u00e4 ev\u00e4steit\u00e4. S\u00e4hk\u00f6isen viestinn\u00e4n lain (SFS 2003: 389) mukaan jokaisen ev\u00e4steit\u00e4 k\u00e4ytt\u00e4v\u00e4ll\u00e4 verkkosivustolla vierailevan k\u00e4ytt\u00e4j\u00e4n tulisi saada tiet\u00e4\u00e4: Ett\u00e4 verkkosivusto k\u00e4ytt\u00e4\u00e4 ev\u00e4steit\u00e4 Mihin n\u00e4it\u00e4 ev\u00e4steit\u00e4 k\u00e4ytet\u00e4\u00e4n Miten kielt\u00e4yty\u00e4 ev\u00e4steist\u00e4 Ev\u00e4ste on pieni tekstitiedosto, jonka vierailemasi [&hellip;]\" \/>\n<meta property=\"og:url\" content=\"https:\/\/www.nerdsofgambling.com\/fi\/tietosuojakaytanto\/\" \/>\n<meta property=\"og:site_name\" content=\"Nerdsofgambling\" \/>\n<meta name=\"twitter:card\" content=\"summary_large_image\" \/>\n<meta name=\"twitter:label1\" content=\"Arvioitu lukuaika\" \/>\n\t<meta name=\"twitter:data1\" content=\"3 minuuttia\" \/>\n<script type=\"application\/ld+json\" class=\"yoast-schema-graph\">{\"@context\":\"https:\/\/schema.org\",\"@graph\":[{\"@type\":\"WebPage\",\"@id\":\"https:\/\/www.nerdsofgambling.com\/fi\/tietosuojakaytanto\/\",\"url\":\"https:\/\/www.nerdsofgambling.com\/fi\/tietosuojakaytanto\/\",\"name\":\"Tietosuojak\u00e4yt\u00e4nt\u00f6 - Nerdsofgambling\",\"isPartOf\":{\"@id\":\"https:\/\/www.nerdsofgambling.com\/fi\/#website\"},\"datePublished\":\"2020-04-05T21:24:55+00:00\",\"breadcrumb\":{\"@id\":\"https:\/\/www.nerdsofgambling.com\/fi\/tietosuojakaytanto\/#breadcrumb\"},\"inLanguage\":\"fi\",\"potentialAction\":[{\"@type\":\"ReadAction\",\"target\":[\"https:\/\/www.nerdsofgambling.com\/fi\/tietosuojakaytanto\/\"]}]},{\"@type\":\"BreadcrumbList\",\"@id\":\"https:\/\/www.nerdsofgambling.com\/fi\/tietosuojakaytanto\/#breadcrumb\",\"itemListElement\":[{\"@type\":\"ListItem\",\"position\":1,\"name\":\"Home\",\"item\":\"https:\/\/www.nerdsofgambling.com\/fi\/\"},{\"@type\":\"ListItem\",\"position\":2,\"name\":\"Tietosuojak\u00e4yt\u00e4nt\u00f6\"}]},{\"@type\":\"WebSite\",\"@id\":\"https:\/\/www.nerdsofgambling.com\/fi\/#website\",\"url\":\"https:\/\/www.nerdsofgambling.com\/fi\/\",\"name\":\"Nerdsofgambling\",\"description\":\"Nerdsofgambling\",\"potentialAction\":[{\"@type\":\"SearchAction\",\"target\":{\"@type\":\"EntryPoint\",\"urlTemplate\":\"https:\/\/www.nerdsofgambling.com\/fi\/?s={search_term_string}\"},\"query-input\":{\"@type\":\"PropertyValueSpecification\",\"valueRequired\":true,\"valueName\":\"search_term_string\"}}],\"inLanguage\":\"fi\"}]}<\/script>\n<!-- \/ Yoast SEO plugin. -->","yoast_head_json":{"title":"Tietosuojak\u00e4yt\u00e4nt\u00f6 - Nerdsofgambling","robots":{"index":"index","follow":"follow","max-snippet":"max-snippet:-1","max-image-preview":"max-image-preview:large","max-video-preview":"max-video-preview:-1"},"canonical":"https:\/\/www.nerdsofgambling.com\/fi\/tietosuojakaytanto\/","og_locale":"fi_FI","og_type":"article","og_title":"Tietosuojak\u00e4yt\u00e4nt\u00f6 - Nerdsofgambling","og_description":"Tietosuojak\u00e4yt\u00e4nt\u00f6 T\u00e4ss\u00e4 tietosuojak\u00e4yt\u00e4nn\u00f6ss\u00e4 kerromme, miten k\u00e4sittelemme k\u00e4ytt\u00e4jien tietoja.\u00a0 Vieraillessamme verkkosivustollamme hyv\u00e4ksyt, ett\u00e4 k\u00e4sittelemme tietojasi t\u00e4m\u00e4n tietosuojak\u00e4yt\u00e4nn\u00f6n mukaisesti.\u00a0 Ev\u00e4steet T\u00e4m\u00e4 verkkosivusto k\u00e4ytt\u00e4\u00e4 ev\u00e4steit\u00e4. S\u00e4hk\u00f6isen viestinn\u00e4n lain (SFS 2003: 389) mukaan jokaisen ev\u00e4steit\u00e4 k\u00e4ytt\u00e4v\u00e4ll\u00e4 verkkosivustolla vierailevan k\u00e4ytt\u00e4j\u00e4n tulisi saada tiet\u00e4\u00e4: Ett\u00e4 verkkosivusto k\u00e4ytt\u00e4\u00e4 ev\u00e4steit\u00e4 Mihin n\u00e4it\u00e4 ev\u00e4steit\u00e4 k\u00e4ytet\u00e4\u00e4n Miten kielt\u00e4yty\u00e4 ev\u00e4steist\u00e4 Ev\u00e4ste on pieni tekstitiedosto, jonka vierailemasi [&hellip;]","og_url":"https:\/\/www.nerdsofgambling.com\/fi\/tietosuojakaytanto\/","og_site_name":"Nerdsofgambling","twitter_card":"summary_large_image","twitter_misc":{"Arvioitu lukuaika":"3 minuuttia"},"schema":{"@context":"https:\/\/schema.org","@graph":[{"@type":"WebPage","@id":"https:\/\/www.nerdsofgambling.com\/fi\/tietosuojakaytanto\/","url":"https:\/\/www.nerdsofgambling.com\/fi\/tietosuojakaytanto\/","name":"Tietosuojak\u00e4yt\u00e4nt\u00f6 - Nerdsofgambling","isPartOf":{"@id":"https:\/\/www.nerdsofgambling.com\/fi\/#website"},"datePublished":"2020-04-05T21:24:55+00:00","breadcrumb":{"@id":"https:\/\/www.nerdsofgambling.com\/fi\/tietosuojakaytanto\/#breadcrumb"},"inLanguage":"fi","potentialAction":[{"@type":"ReadAction","target":["https:\/\/www.nerdsofgambling.com\/fi\/tietosuojakaytanto\/"]}]},{"@type":"BreadcrumbList","@id":"https:\/\/www.nerdsofgambling.com\/fi\/tietosuojakaytanto\/#breadcrumb","itemListElement":[{"@type":"ListItem","position":1,"name":"Home","item":"https:\/\/www.nerdsofgambling.com\/fi\/"},{"@type":"ListItem","position":2,"name":"Tietosuojak\u00e4yt\u00e4nt\u00f6"}]},{"@type":"WebSite","@id":"https:\/\/www.nerdsofgambling.com\/fi\/#website","url":"https:\/\/www.nerdsofgambling.com\/fi\/","name":"Nerdsofgambling","description":"Nerdsofgambling","potentialAction":[{"@type":"SearchAction","target":{"@type":"EntryPoint","urlTemplate":"https:\/\/www.nerdsofgambling.com\/fi\/?s={search_term_string}"},"query-input":{"@type":"PropertyValueSpecification","valueRequired":true,"valueName":"search_term_string"}}],"inLanguage":"fi"}]}},"_links":{"self":[{"href":"https:\/\/www.nerdsofgambling.com\/fi\/wp-json\/wp\/v2\/pages\/10509","targetHints":{"allow":["GET"]}}],"collection":[{"href":"https:\/\/www.nerdsofgambling.com\/fi\/wp-json\/wp\/v2\/pages"}],"about":[{"href":"https:\/\/www.nerdsofgambling.com\/fi\/wp-json\/wp\/v2\/types\/page"}],"author":[{"embeddable":true,"href":"https:\/\/www.nerdsofgambling.com\/fi\/wp-json\/wp\/v2\/users\/1"}],"replies":[{"embeddable":true,"href":"https:\/\/www.nerdsofgambling.com\/fi\/wp-json\/wp\/v2\/comments?post=10509"}],"version-history":[{"count":1,"href":"https:\/\/www.nerdsofgambling.com\/fi\/wp-json\/wp\/v2\/pages\/10509\/revisions"}],"predecessor-version":[{"id":10510,"href":"https:\/\/www.nerdsofgambling.com\/fi\/wp-json\/wp\/v2\/pages\/10509\/revisions\/10510"}],"wp:attachment":[{"href":"https:\/\/www.nerdsofgambling.com\/fi\/wp-json\/wp\/v2\/media?parent=10509"}],"curies":[{"name":"wp","href":"https:\/\/api.w.org\/{rel}","templated":true}]}}